{"id":10,"date":"2018-12-20T03:21:48","date_gmt":"2018-12-20T03:21:48","guid":{"rendered":"http:\/\/source.wpopal.com\/maisonco\/?page_id=10"},"modified":"2020-12-02T14:32:48","modified_gmt":"2020-12-02T14:32:48","slug":"about-us","status":"publish","type":"page","link":"http:\/\/ostrodacamp.pl\/index.php\/about-us\/","title":{"rendered":"O nas &#8211; historia i informacje podstawowe"},"content":{"rendered":"\t\t<div data-elementor-type=\"wp-page\" data-elementor-id=\"10\" class=\"elementor elementor-10\">\n\t\t\t\t\t\t<div class=\"elementor-section elementor-top-section elementor-element elementor-element-f47a043 elementor-section-stretched elementor-section-boxed elementor-section-height-default elementor-section-height-default\" data-id=\"f47a043\" data-element_type=\"section\" data-e-type=\"section\" data-settings=\"{&quot;stretch_section&quot;:&quot;section-stretched&quot;}\">\n\t\t\t\t\t\t<div class=\"elementor-container elementor-column-gap-no\">\n\t\t\t\t\t<div class=\"elementor-column elementor-col-100 elementor-top-column elementor-element elementor-element-8bb523a\" data-id=\"8bb523a\" data-element_type=\"column\" data-e-type=\"column\">\n\t\t\t<div class=\"elementor-widget-wrap elementor-element-populated\">\n\t\t\t\t\t\t<div class=\"elementor-element elementor-element-fe7fc4f elementor-widget elementor-widget-heading\" data-id=\"fe7fc4f\" data-element_type=\"widget\" data-e-type=\"widget\" data-widget_type=\"heading.default\">\n\t\t\t\t<div class=\"elementor-widget-container\">\n\t\t\t\t\t<i aria-hidden=\"true\" class=\"icon_before opal-icon-decor\"><\/i><h2 class=\"elementor-heading-title elementor-size-default\">Ostr\u00f3da camp - tak to si\u0119\u00a0zacz\u0119\u0142o <\/h2>\t\t\t\t<\/div>\n\t\t\t\t<\/div>\n\t\t\t\t<div class=\"elementor-element elementor-element-18a2226 elementor-widget elementor-widget-text-editor\" data-id=\"18a2226\" data-element_type=\"widget\" data-e-type=\"widget\" data-widget_type=\"text-editor.default\">\n\t\t\t\t<div class=\"elementor-widget-container\">\n\t\t\t\t\t\t\t\t\t<p style=\"caret-color: #000000; color: #000000; letter-spacing: normal; text-align: left;\">W 1971r grupa entuzjast\u00f3w z George`m Baje\u0144skim na czele postanowi\u0142a kupi\u0107 miejsce, gdzie b\u0119d\u0105 organizowane chrze\u015bcija\u0144skie obozy dla dzieci i m\u0142odzie\u017cy.\u00a0<span style=\"font-family: var( --e-global-typography-text-font-family ), Sans-serif; font-size: 1rem;\">W Ostr\u00f3dzie zosta\u0142 kupiony teren ze star\u0105 stodo\u0142\u0105 i budynkami gospodarczymi. Stodo\u0142a zosta\u0142a przerobiona na sypalni\u0119, postawiony zosta\u0142 ogromny namiot jako g\u0142\u00f3na sala spotka\u0144. Potem uda\u0142o si\u0119 kupi\u0107 namioty wojskowe, kt\u00f3\u00aee pos\u0142u\u017cy\u0142y do spania&#8230; boiska, pierwsze domki&#8230;. i tak zaczyna si\u0119 historia, kt\u00f3ra trwa do dzisiaj&#8230;\u00a0<\/span><span style=\"font-family: var( --e-global-typography-text-font-family ), Sans-serif; font-size: 1rem;\">Przez te wszystkie lata o\u015brodek by\u0142 \u015bwiadkiem przemian wieeelu \u017cy\u0107. To tu tysi\u0105ce os\u00f3b pozna\u0142o Chrystusa. Teraz, po wielu latach, dzieci i wnuki tych os\u00f3w przyje\u017cdzaj\u0105 w to samo miejsce, gdzie ich rodzice i dziadkowie rozpoczynali swoj\u0105 przygod\u0119 w pod\u0105\u017caniu za Jezusem.<\/span><\/p>\t\t\t\t\t\t\t\t<\/div>\n\t\t\t\t<\/div>\n\t\t\t\t<div class=\"elementor-element elementor-element-39c96d3 elementor-arrows-position-inside elementor-pagination-position-outside elementor-widget elementor-widget-image-carousel\" data-id=\"39c96d3\" data-element_type=\"widget\" data-e-type=\"widget\" data-settings=\"{&quot;navigation&quot;:&quot;both&quot;,&quot;autoplay&quot;:&quot;yes&quot;,&quot;pause_on_hover&quot;:&quot;yes&quot;,&quot;pause_on_interaction&quot;:&quot;yes&quot;,&quot;autoplay_speed&quot;:5000,&quot;infinite&quot;:&quot;yes&quot;,&quot;speed&quot;:500}\" data-widget_type=\"image-carousel.default\">\n\t\t\t\t<div class=\"elementor-widget-container\">\n\t\t\t\t\t\t\t<div class=\"elementor-image-carousel-wrapper swiper\" role=\"region\" aria-roledescription=\"carousel\" aria-label=\"Image Carousel\" dir=\"ltr\">\n\t\t\t<div class=\"elementor-image-carousel swiper-wrapper swiper-image-stretch\" aria-live=\"off\">\n\t\t\t\t\t\t\t\t<div class=\"swiper-slide\" role=\"group\" aria-roledescription=\"slide\" aria-label=\"1 of 8\"><figure class=\"swiper-slide-inner\"><img decoding=\"async\" class=\"swiper-slide-image\" src=\"https:\/\/ostrodacamp.pl\/wp-content\/uploads\/2020\/12\/IMG_20201202_131617-600x390.jpg\" alt=\"IMG_20201202_131617\" \/><\/figure><\/div><div class=\"swiper-slide\" role=\"group\" aria-roledescription=\"slide\" aria-label=\"2 of 8\"><figure class=\"swiper-slide-inner\"><img decoding=\"async\" class=\"swiper-slide-image\" src=\"https:\/\/ostrodacamp.pl\/wp-content\/uploads\/2020\/12\/IMG_20201202_131637-600x390.jpg\" alt=\"IMG_20201202_131637\" \/><\/figure><\/div><div class=\"swiper-slide\" role=\"group\" aria-roledescription=\"slide\" aria-label=\"3 of 8\"><figure class=\"swiper-slide-inner\"><img decoding=\"async\" class=\"swiper-slide-image\" src=\"https:\/\/ostrodacamp.pl\/wp-content\/uploads\/2020\/12\/IMG_20201202_131645-600x390.jpg\" alt=\"IMG_20201202_131645\" \/><\/figure><\/div><div class=\"swiper-slide\" role=\"group\" aria-roledescription=\"slide\" aria-label=\"4 of 8\"><figure class=\"swiper-slide-inner\"><img decoding=\"async\" class=\"swiper-slide-image\" src=\"https:\/\/ostrodacamp.pl\/wp-content\/uploads\/2020\/12\/IMG_20201202_131653-600x390.jpg\" alt=\"IMG_20201202_131653\" \/><\/figure><\/div><div class=\"swiper-slide\" role=\"group\" aria-roledescription=\"slide\" aria-label=\"5 of 8\"><figure class=\"swiper-slide-inner\"><img decoding=\"async\" class=\"swiper-slide-image\" src=\"https:\/\/ostrodacamp.pl\/wp-content\/uploads\/2020\/12\/IMG_20201202_131518-600x390.jpg\" alt=\"IMG_20201202_131518\" \/><\/figure><\/div><div class=\"swiper-slide\" role=\"group\" aria-roledescription=\"slide\" aria-label=\"6 of 8\"><figure class=\"swiper-slide-inner\"><img decoding=\"async\" class=\"swiper-slide-image\" src=\"https:\/\/ostrodacamp.pl\/wp-content\/uploads\/2020\/12\/IMG_20201202_131541-600x390.jpg\" alt=\"IMG_20201202_131541\" \/><\/figure><\/div><div class=\"swiper-slide\" role=\"group\" aria-roledescription=\"slide\" aria-label=\"7 of 8\"><figure class=\"swiper-slide-inner\"><img decoding=\"async\" class=\"swiper-slide-image\" src=\"https:\/\/ostrodacamp.pl\/wp-content\/uploads\/2020\/12\/IMG_20201202_131628-600x390.jpg\" alt=\"IMG_20201202_131628\" \/><\/figure><\/div><div class=\"swiper-slide\" role=\"group\" aria-roledescription=\"slide\" aria-label=\"8 of 8\"><figure class=\"swiper-slide-inner\"><img decoding=\"async\" class=\"swiper-slide-image\" src=\"https:\/\/ostrodacamp.pl\/wp-content\/uploads\/2020\/12\/86176645_3017409144937512_8801629922247311360_o-600x390.jpg\" alt=\"86176645_3017409144937512_8801629922247311360_o\" \/><\/figure><\/div>\t\t\t<\/div>\n\t\t\t\t\t\t\t\t\t\t\t\t<div class=\"elementor-swiper-button elementor-swiper-button-prev\" role=\"button\" tabindex=\"0\">\n\t\t\t\t\t\t<i aria-hidden=\"true\" class=\"eicon-chevron-left\"><\/i>\t\t\t\t\t<\/div>\n\t\t\t\t\t<div class=\"elementor-swiper-button elementor-swiper-button-next\" role=\"button\" tabindex=\"0\">\n\t\t\t\t\t\t<i aria-hidden=\"true\" class=\"eicon-chevron-right\"><\/i>\t\t\t\t\t<\/div>\n\t\t\t\t\n\t\t\t\t\t\t\t\t\t<div class=\"swiper-pagination\"><\/div>\n\t\t\t\t\t\t\t\t\t<\/div>\n\t\t\t\t\t\t<\/div>\n\t\t\t\t<\/div>\n\t\t\t\t\t<\/div>\n\t\t<\/div>\n\t\t\t\t\t<\/div>\n\t\t<\/div>\n\t\t\t\t<section class=\"elementor-section elementor-top-section elementor-element elementor-element-9e22901 elementor-section-boxed elementor-section-height-default elementor-section-height-default\" data-id=\"9e22901\" data-element_type=\"section\" data-e-type=\"section\">\n\t\t\t\t\t\t<div class=\"elementor-container elementor-column-gap-default\">\n\t\t\t\t\t<div class=\"elementor-column elementor-col-100 elementor-top-column elementor-element elementor-element-781b86d\" data-id=\"781b86d\" data-element_type=\"column\" data-e-type=\"column\">\n\t\t\t<div class=\"elementor-widget-wrap elementor-element-populated\">\n\t\t\t\t\t\t<div class=\"elementor-element elementor-element-5abef3c elementor-heading__align-center elementor-widget elementor-widget-heading\" data-id=\"5abef3c\" data-element_type=\"widget\" data-e-type=\"widget\" data-widget_type=\"heading.default\">\n\t\t\t\t<div class=\"elementor-widget-container\">\n\t\t\t\t\t<h1 class=\"elementor-heading-title elementor-size-large\">Bo my tu w Ostr\u00f3dzie, to aran\u017cujemy spotkanie grzesznego cz\u0142owieka, ze \u015bwi\u0119tym i niesamowitym Bogiem! <\/h1>\t\t\t\t<\/div>\n\t\t\t\t<\/div>\n\t\t\t\t\t<\/div>\n\t\t<\/div>\n\t\t\t\t\t<\/div>\n\t\t<\/section>\n\t\t\t\t<div class=\"elementor-section elementor-top-section elementor-element elementor-element-e6d8c0a elementor-reverse-mobile elementor-section-boxed elementor-section-height-default elementor-section-height-default\" data-id=\"e6d8c0a\" data-element_type=\"section\" data-e-type=\"section\">\n\t\t\t\t\t\t<div class=\"elementor-container elementor-column-gap-no\">\n\t\t\t\t\t<div class=\"elementor-column elementor-col-50 elementor-top-column elementor-element elementor-element-168b1bb\" data-id=\"168b1bb\" data-element_type=\"column\" data-e-type=\"column\">\n\t\t\t<div class=\"elementor-widget-wrap elementor-element-populated\">\n\t\t\t\t\t\t<div class=\"elementor-element elementor-element-7af98e2 elementor-heading__align-right elementor-widget elementor-widget-heading\" data-id=\"7af98e2\" data-element_type=\"widget\" data-e-type=\"widget\" data-widget_type=\"heading.default\">\n\t\t\t\t<div class=\"elementor-widget-container\">\n\t\t\t\t\t<i aria-hidden=\"true\" class=\"icon_before opal-icon-decor\"><\/i><h1 class=\"elementor-heading-title elementor-size-large\">nasze warto\u015bci<\/h1>\t\t\t\t<\/div>\n\t\t\t\t<\/div>\n\t\t\t\t<div class=\"elementor-element elementor-element-0aeb2d1 elementor-widget elementor-widget-text-editor\" data-id=\"0aeb2d1\" data-element_type=\"widget\" data-e-type=\"widget\" data-widget_type=\"text-editor.default\">\n\t\t\t\t<div class=\"elementor-widget-container\">\n\t\t\t\t\t\t\t\t\t<p style=\"text-align: right;\">Wiara, Nadzieja, Mi\u0142o\u015b\u0107&#8230;<\/p>\t\t\t\t\t\t\t\t<\/div>\n\t\t\t\t<\/div>\n\t\t\t\t<div class=\"elementor-element elementor-element-2be0a27 elementor-widget elementor-widget-text-editor\" data-id=\"2be0a27\" data-element_type=\"widget\" data-e-type=\"widget\" data-widget_type=\"text-editor.default\">\n\t\t\t\t<div class=\"elementor-widget-container\">\n\t\t\t\t\t\t\t\t\t<p style=\"text-align: right;\">&#8230; tak po kr\u00f3tce mo\u017cna okre\u015bli\u0107 nasze warto\u015bci. Ostr\u00f3da CAMP jest o\u015brodkiem chrze\u015bcija\u0144skim, gdzie w atmosferze wzajemnej mi\u0142o\u015bci i akceptacji chcemy aran\u017cowa\u0107 spotkania wielkiego Boga z grzesznym cz\u0142owiekiem.<\/p>\n<p style=\"text-align: right;\">Na o\u015brodku Ostr\u00f3da CAMP panuje kategoryczny zakaz palenia papieros\u00f3w, spo\u017cywania alkoholu, dopalaczy oraz innych u\u017cywek!&nbsp;<\/p>\n<p style=\"text-align: right;\">\n<\/p>\t\t\t\t\t\t\t\t<\/div>\n\t\t\t\t<\/div>\n\t\t\t\t\t<\/div>\n\t\t<\/div>\n\t\t\t\t<div class=\"elementor-column elementor-col-50 elementor-top-column elementor-element elementor-element-f55d166\" data-id=\"f55d166\" data-element_type=\"column\" data-e-type=\"column\">\n\t\t\t<div class=\"elementor-widget-wrap elementor-element-populated\">\n\t\t\t\t\t\t<div class=\"elementor-element elementor-element-c65d6bf elementor-widget elementor-widget-image\" data-id=\"c65d6bf\" data-element_type=\"widget\" data-e-type=\"widget\" data-widget_type=\"image.default\">\n\t\t\t\t<div class=\"elementor-widget-container\">\n\t\t\t\t\t\t\t\t\t\t\t\t\t\t\t<img fetchpriority=\"high\" decoding=\"async\" width=\"600\" height=\"400\" src=\"https:\/\/ostrodacamp.pl\/wp-content\/uploads\/2019\/09\/KK_day_45-6-1024x683.jpg\" class=\"attachment-large size-large wp-image-1240\" alt=\"\" srcset=\"https:\/\/ostrodacamp.pl\/wp-content\/uploads\/2019\/09\/KK_day_45-6-1024x683.jpg 1024w, https:\/\/ostrodacamp.pl\/wp-content\/uploads\/2019\/09\/KK_day_45-6-300x200.jpg 300w, https:\/\/ostrodacamp.pl\/wp-content\/uploads\/2019\/09\/KK_day_45-6-768x512.jpg 768w, https:\/\/ostrodacamp.pl\/wp-content\/uploads\/2019\/09\/KK_day_45-6-400x267.jpg 400w\" sizes=\"(max-width: 600px) 100vw, 600px\" \/>\t\t\t\t\t\t\t\t\t\t\t\t\t\t\t<\/div>\n\t\t\t\t<\/div>\n\t\t\t\t\t<\/div>\n\t\t<\/div>\n\t\t\t\t\t<\/div>\n\t\t<\/div>\n\t\t\t\t<div class=\"elementor-section elementor-top-section elementor-element elementor-element-8af1f57 elementor-section-stretched elementor-section-boxed elementor-section-height-default elementor-section-height-default\" data-id=\"8af1f57\" data-element_type=\"section\" data-e-type=\"section\" data-settings=\"{&quot;stretch_section&quot;:&quot;section-stretched&quot;}\">\n\t\t\t\t\t\t<div class=\"elementor-container elementor-column-gap-no\">\n\t\t\t\t\t<div class=\"elementor-column elementor-col-50 elementor-top-column elementor-element elementor-element-81f25f6\" data-id=\"81f25f6\" data-element_type=\"column\" data-e-type=\"column\">\n\t\t\t<div class=\"elementor-widget-wrap elementor-element-populated\">\n\t\t\t\t\t\t<div class=\"elementor-element elementor-element-b631687 elementor-widget elementor-widget-image\" data-id=\"b631687\" data-element_type=\"widget\" data-e-type=\"widget\" data-widget_type=\"image.default\">\n\t\t\t\t<div class=\"elementor-widget-container\">\n\t\t\t\t\t\t\t\t\t\t\t\t\t\t\t<img decoding=\"async\" width=\"2400\" height=\"1600\" src=\"https:\/\/ostrodacamp.pl\/wp-content\/uploads\/2019\/09\/KK_day_45-7.jpg\" class=\"attachment-full size-full wp-image-1241\" alt=\"\" srcset=\"https:\/\/ostrodacamp.pl\/wp-content\/uploads\/2019\/09\/KK_day_45-7.jpg 2400w, https:\/\/ostrodacamp.pl\/wp-content\/uploads\/2019\/09\/KK_day_45-7-300x200.jpg 300w, https:\/\/ostrodacamp.pl\/wp-content\/uploads\/2019\/09\/KK_day_45-7-768x512.jpg 768w, https:\/\/ostrodacamp.pl\/wp-content\/uploads\/2019\/09\/KK_day_45-7-1024x683.jpg 1024w, https:\/\/ostrodacamp.pl\/wp-content\/uploads\/2019\/09\/KK_day_45-7-400x267.jpg 400w\" sizes=\"(max-width: 2400px) 100vw, 2400px\" \/>\t\t\t\t\t\t\t\t\t\t\t\t\t\t\t<\/div>\n\t\t\t\t<\/div>\n\t\t\t\t\t<\/div>\n\t\t<\/div>\n\t\t\t\t<div class=\"elementor-column elementor-col-50 elementor-top-column elementor-element elementor-element-e05569c\" data-id=\"e05569c\" data-element_type=\"column\" data-e-type=\"column\">\n\t\t\t<div class=\"elementor-widget-wrap elementor-element-populated\">\n\t\t\t\t\t\t<div class=\"elementor-element elementor-element-cb1b9f3 elementor-widget elementor-widget-heading\" data-id=\"cb1b9f3\" data-element_type=\"widget\" data-e-type=\"widget\" data-widget_type=\"heading.default\">\n\t\t\t\t<div class=\"elementor-widget-container\">\n\t\t\t\t\t<i aria-hidden=\"true\" class=\"icon_before opal-icon-decor\"><\/i><h2 class=\"elementor-heading-title elementor-size-default\">Misja &amp; wizja<\/h2>\t\t\t\t<\/div>\n\t\t\t\t<\/div>\n\t\t\t\t<div class=\"elementor-element elementor-element-84dae9b elementor-widget elementor-widget-text-editor\" data-id=\"84dae9b\" data-element_type=\"widget\" data-e-type=\"widget\" data-widget_type=\"text-editor.default\">\n\t\t\t\t<div class=\"elementor-widget-container\">\n\t\t\t\t\t\t\t\t\t<p>Nasz\u0105 wizj\u0105 na przysz\u0142o\u015b\u0107 jest mie\u0107 wp\u0142yw na kolejne pokolenia.\u00a0<\/p><p>\u015bwiat uczy, \u017ce musisz mie\u0107 twarde \u0142okcie, \u017ce cel u\u015bwi\u0119ca \u015brodki, \u017ce musisz by\u0107 najlepszy cho\u0107by niewiem co!<\/p><p>A w Ostr\u00f3da CAMP\u00a0<span style=\"letter-spacing: 0.35px; font-size: 1rem;\">wcale nie musisz by\u0107 najlepszy,<\/span><span style=\"letter-spacing: 0.35px; font-size: 1rem;\">\u00a0<\/span><span style=\"letter-spacing: 0.35px; font-size: 1rem;\">\u00a0masz prawo by\u0107 sob\u0105, zatrzyma\u0107 si\u0119 na chwil\u0119 w tym wy\u015bcigu. Znale\u015b\u0107 to, co w \u017cyciu najwa\u017cniejsze, wiar\u0119, nadziej\u0119 i mi\u0142o\u015b\u0107! Spotka\u0107 si\u0119 z Bogiem i z przyjaci\u00f3\u0142mi. To nasza misja. \u00a0<\/span><\/p><p>\u00a0<\/p>\t\t\t\t\t\t\t\t<\/div>\n\t\t\t\t<\/div>\n\t\t\t\t\t<\/div>\n\t\t<\/div>\n\t\t\t\t\t<\/div>\n\t\t<\/div>\n\t\t\t\t<\/div>\n\t\t","protected":false},"excerpt":{"rendered":"<p>Ostr\u00f3da camp &#8211; tak to si\u0119\u00a0zacz\u0119\u0142o W 1971r grupa entuzjast\u00f3w z George`m Baje\u0144skim na czele postanowi\u0142a kupi\u0107 miejsce, gdzie b\u0119d\u0105 organizowane chrze\u015bcija\u0144skie obozy dla dzieci i m\u0142odzie\u017cy.\u00a0W Ostr\u00f3dzie zosta\u0142 kupiony teren ze star\u0105 stodo\u0142\u0105 i budynkami gospodarczymi. Stodo\u0142a zosta\u0142a przerobiona na sypalni\u0119, postawiony zosta\u0142 ogromny namiot jako g\u0142\u00f3na sala spotka\u0144. Potem uda\u0142o si\u0119 kupi\u0107 namioty &hellip; <\/p>\n<p class=\"link-more\"><a href=\"http:\/\/ostrodacamp.pl\/index.php\/about-us\/\" class=\"more-link\">Read More <span class=\"screen-reader-text\"> &#8222;O nas &#8211; historia i informacje podstawowe&#8221;<\/span><\/a><\/p>\n","protected":false},"author":1,"featured_media":0,"parent":0,"menu_order":0,"comment_status":"closed","ping_status":"closed","template":"page-elementor.php","meta":{"inline_featured_image":false,"footnotes":""},"class_list":["post-10","page","type-page","status-publish","hentry"],"_links":{"self":[{"href":"http:\/\/ostrodacamp.pl\/index.php\/wp-json\/wp\/v2\/pages\/10","targetHints":{"allow":["GET"]}}],"collection":[{"href":"http:\/\/ostrodacamp.pl\/index.php\/wp-json\/wp\/v2\/pages"}],"about":[{"href":"http:\/\/ostrodacamp.pl\/index.php\/wp-json\/wp\/v2\/types\/page"}],"author":[{"embeddable":true,"href":"http:\/\/ostrodacamp.pl\/index.php\/wp-json\/wp\/v2\/users\/1"}],"replies":[{"embeddable":true,"href":"http:\/\/ostrodacamp.pl\/index.php\/wp-json\/wp\/v2\/comments?post=10"}],"version-history":[{"count":36,"href":"http:\/\/ostrodacamp.pl\/index.php\/wp-json\/wp\/v2\/pages\/10\/revisions"}],"predecessor-version":[{"id":2015,"href":"http:\/\/ostrodacamp.pl\/index.php\/wp-json\/wp\/v2\/pages\/10\/revisions\/2015"}],"wp:attachment":[{"href":"http:\/\/ostrodacamp.pl\/index.php\/wp-json\/wp\/v2\/media?parent=10"}],"curies":[{"name":"wp","href":"https:\/\/api.w.org\/{rel}","templated":true}]}}