{"id":1650,"date":"2020-10-13T21:05:41","date_gmt":"2020-10-13T21:05:41","guid":{"rendered":"http:\/\/ostrodacamp.pl\/?page_id=1650"},"modified":"2020-10-14T08:40:30","modified_gmt":"2020-10-14T08:40:30","slug":"kuchnia-w-ostroda-camp","status":"publish","type":"page","link":"http:\/\/ostrodacamp.pl\/index.php\/kuchnia-w-ostroda-camp\/","title":{"rendered":"Kuchnia w Ostr\u00f3da CAMP"},"content":{"rendered":"\t\t<div data-elementor-type=\"wp-page\" data-elementor-id=\"1650\" class=\"elementor elementor-1650\">\n\t\t\t\t\t\t<section class=\"elementor-section elementor-top-section elementor-element elementor-element-30a1fe0b elementor-section-boxed elementor-section-height-default elementor-section-height-default\" data-id=\"30a1fe0b\" data-element_type=\"section\" data-e-type=\"section\">\n\t\t\t\t\t\t<div class=\"elementor-container elementor-column-gap-default\">\n\t\t\t\t\t<div class=\"elementor-column elementor-col-100 elementor-top-column elementor-element elementor-element-29ed22c1\" data-id=\"29ed22c1\" data-element_type=\"column\" data-e-type=\"column\">\n\t\t\t<div class=\"elementor-widget-wrap elementor-element-populated\">\n\t\t\t\t\t\t<div class=\"elementor-element elementor-element-374393ca elementor-widget elementor-widget-text-editor\" data-id=\"374393ca\" data-element_type=\"widget\" data-e-type=\"widget\" data-widget_type=\"text-editor.default\">\n\t\t\t\t<div class=\"elementor-widget-container\">\n\t\t\t\t\t\t\t\t\t\n<figure class=\"wp-block-gallery columns-0 is-cropped wp-block-gallery-2 is-layout-flex wp-block-gallery-is-layout-flex\"><ul class=\"blocks-gallery-grid\"><\/ul><\/figure>\n\t\t\t\t\t\t\t\t<\/div>\n\t\t\t\t<\/div>\n\t\t\t\t\t<\/div>\n\t\t<\/div>\n\t\t\t\t\t<\/div>\n\t\t<\/section>\n\t\t\t\t<section class=\"elementor-section elementor-top-section elementor-element elementor-element-d51ab30 elementor-section-boxed elementor-section-height-default elementor-section-height-default\" data-id=\"d51ab30\" data-element_type=\"section\" data-e-type=\"section\">\n\t\t\t\t\t\t<div class=\"elementor-container elementor-column-gap-default\">\n\t\t\t\t\t<div class=\"elementor-column elementor-col-100 elementor-top-column elementor-element elementor-element-b11aa22\" data-id=\"b11aa22\" data-element_type=\"column\" data-e-type=\"column\">\n\t\t\t<div class=\"elementor-widget-wrap elementor-element-populated\">\n\t\t\t\t\t\t<section class=\"elementor-section elementor-inner-section elementor-element elementor-element-611acc0 elementor-section-boxed elementor-section-height-default elementor-section-height-default\" data-id=\"611acc0\" data-element_type=\"section\" data-e-type=\"section\">\n\t\t\t\t\t\t<div class=\"elementor-container elementor-column-gap-default\">\n\t\t\t\t\t<div class=\"elementor-column elementor-col-50 elementor-inner-column elementor-element elementor-element-2b531bf\" data-id=\"2b531bf\" data-element_type=\"column\" data-e-type=\"column\">\n\t\t\t<div class=\"elementor-widget-wrap elementor-element-populated\">\n\t\t\t\t\t\t<div class=\"elementor-element elementor-element-9de1203 elementor-drop-cap-yes elementor-drop-cap-view-default elementor-widget elementor-widget-text-editor\" data-id=\"9de1203\" data-element_type=\"widget\" data-e-type=\"widget\" data-settings=\"{&quot;drop_cap&quot;:&quot;yes&quot;}\" data-widget_type=\"text-editor.default\">\n\t\t\t\t<div class=\"elementor-widget-container\">\n\t\t\t\t\t\t\t\t\t<p>Kuchnia to od dawien dawna jeden z filar\u00f3w Ostr\u00f3da CAMP. Dlatego te\u017c staramy si\u0119 zapewni\u0107 naszym go\u015bciom zr\u00f3\u017cnicowane menu, oparte o \u015bwie\u017ce, regionalne produkty oraz wyroby w\u0142asnej produkcji.\u00a0<\/p>\n<p>Za jako\u015b\u0107 posi\u0142k\u00f3w serwowanych na Ostr\u00f3da CAMP jest odpowiedzialna Wioletta Piotrowska. Szefowa kuchni z du\u017cym do\u015bwiadczeniem w gastronomi, g\u0142ow\u0105 pe\u0142n\u0105 pomys\u0142\u00f3w i sercem do dbania o go\u015bci.\u00a0 Na co dzie\u0144 mama 3 dzieci oraz w\u0142a\u015bcicielka firmy cateringowej &#8211; &#8222;Mistrzowska Kuchnia Violi&#8221;.\u00a0<\/p>\n<p>Domowe pierogi z mi\u0119sem, szpinakiem czy ruskie? Babka ziemniaczana i kartacze, zupa grzybowa oraz \u017curek z bia\u0142\u0105 kie\u0142bas\u0105 w\u0142asnej produkcji &#8230; to i duuu\u017co wi\u0119cej znajdziecie w naszym menu.<\/p>\n<p>\u00a0<\/p>\t\t\t\t\t\t\t\t<\/div>\n\t\t\t\t<\/div>\n\t\t\t\t\t<\/div>\n\t\t<\/div>\n\t\t\t\t<div class=\"elementor-column elementor-col-50 elementor-inner-column elementor-element elementor-element-aadf17c\" data-id=\"aadf17c\" data-element_type=\"column\" data-e-type=\"column\">\n\t\t\t<div class=\"elementor-widget-wrap elementor-element-populated\">\n\t\t\t\t\t\t<div class=\"elementor-element elementor-element-df79d1d elementor-widget elementor-widget-image\" data-id=\"df79d1d\" data-element_type=\"widget\" data-e-type=\"widget\" data-widget_type=\"image.default\">\n\t\t\t\t<div class=\"elementor-widget-container\">\n\t\t\t\t\t\t\t\t\t\t\t\t\t\t\t<img decoding=\"async\" src=\"https:\/\/ostrodacamp.pl\/wp-content\/uploads\/2020\/10\/F8I13633.jpg\" title=\"F8I13633\" alt=\"F8I13633\" loading=\"lazy\" \/>\t\t\t\t\t\t\t\t\t\t\t\t\t\t\t<\/div>\n\t\t\t\t<\/div>\n\t\t\t\t\t<\/div>\n\t\t<\/div>\n\t\t\t\t\t<\/div>\n\t\t<\/section>\n\t\t\t\t<div class=\"elementor-element elementor-element-3cafbac elementor-widget-divider--view-line elementor-widget elementor-widget-divider\" data-id=\"3cafbac\" data-element_type=\"widget\" data-e-type=\"widget\" data-widget_type=\"divider.default\">\n\t\t\t\t<div class=\"elementor-widget-container\">\n\t\t\t\t\t\t\t<div class=\"elementor-divider\">\n\t\t\t<span class=\"elementor-divider-separator\">\n\t\t\t\t\t\t<\/span>\n\t\t<\/div>\n\t\t\t\t\t\t<\/div>\n\t\t\t\t<\/div>\n\t\t\t\t<div class=\"elementor-element elementor-element-8386d40 elementor-heading__align-center elementor-widget elementor-widget-heading\" data-id=\"8386d40\" data-element_type=\"widget\" data-e-type=\"widget\" data-widget_type=\"heading.default\">\n\t\t\t\t<div class=\"elementor-widget-container\">\n\t\t\t\t\t<i aria-hidden=\"true\" class=\"icon_before opal-icon-decor\"><\/i><h1 class=\"elementor-heading-title elementor-size-default\">Nasze smaki - dania serwowane w Ostroda CAMP<\/h1><i aria-hidden=\"true\" class=\"icon_after opal-icon-decor\"><\/i>\t\t\t\t<\/div>\n\t\t\t\t<\/div>\n\t\t\t\t\t<\/div>\n\t\t<\/div>\n\t\t\t\t\t<\/div>\n\t\t<\/section>\n\t\t\t\t<section class=\"elementor-section elementor-top-section elementor-element elementor-element-77027fb elementor-section-boxed elementor-section-height-default elementor-section-height-default\" data-id=\"77027fb\" data-element_type=\"section\" data-e-type=\"section\">\n\t\t\t\t\t\t<div class=\"elementor-container elementor-column-gap-default\">\n\t\t\t\t\t<div class=\"elementor-column elementor-col-100 elementor-top-column elementor-element elementor-element-3837a01\" data-id=\"3837a01\" data-element_type=\"column\" data-e-type=\"column\">\n\t\t\t<div class=\"elementor-widget-wrap elementor-element-populated\">\n\t\t\t\t\t\t<div class=\"elementor-element elementor-element-fc9d816 gallery-spacing-custom elementor-widget elementor-widget-image-gallery\" data-id=\"fc9d816\" data-element_type=\"widget\" data-e-type=\"widget\" data-widget_type=\"image-gallery.default\">\n\t\t\t\t<div class=\"elementor-widget-container\">\n\t\t\t\t\t\t\t<div class=\"elementor-image-gallery\">\n\t\t\t\t\t<\/div>\n\t\t\t\t\t\t<\/div>\n\t\t\t\t<\/div>\n\t\t\t\t\t<\/div>\n\t\t<\/div>\n\t\t\t\t\t<\/div>\n\t\t<\/section>\n\t\t\t\t<\/div>\n\t\t","protected":false},"excerpt":{"rendered":"<p>Kuchnia to od dawien dawna jeden z filar\u00f3w Ostr\u00f3da CAMP. Dlatego te\u017c staramy si\u0119 zapewni\u0107 naszym go\u015bciom zr\u00f3\u017cnicowane menu, oparte o \u015bwie\u017ce, regionalne produkty oraz wyroby w\u0142asnej produkcji.\u00a0 Za jako\u015b\u0107 posi\u0142k\u00f3w serwowanych na Ostr\u00f3da CAMP jest odpowiedzialna Wioletta Piotrowska. Szefowa kuchni z du\u017cym do\u015bwiadczeniem w gastronomi, g\u0142ow\u0105 pe\u0142n\u0105 pomys\u0142\u00f3w i sercem do dbania o go\u015bci.\u00a0 &hellip; <\/p>\n<p class=\"link-more\"><a href=\"http:\/\/ostrodacamp.pl\/index.php\/kuchnia-w-ostroda-camp\/\" class=\"more-link\">Read More <span class=\"screen-reader-text\"> &#8222;Kuchnia w Ostr\u00f3da CAMP&#8221;<\/span><\/a><\/p>\n","protected":false},"author":1,"featured_media":0,"parent":0,"menu_order":0,"comment_status":"closed","ping_status":"closed","template":"","meta":{"inline_featured_image":false,"footnotes":""},"class_list":["post-1650","page","type-page","status-publish","hentry"],"_links":{"self":[{"href":"http:\/\/ostrodacamp.pl\/index.php\/wp-json\/wp\/v2\/pages\/1650","targetHints":{"allow":["GET"]}}],"collection":[{"href":"http:\/\/ostrodacamp.pl\/index.php\/wp-json\/wp\/v2\/pages"}],"about":[{"href":"http:\/\/ostrodacamp.pl\/index.php\/wp-json\/wp\/v2\/types\/page"}],"author":[{"embeddable":true,"href":"http:\/\/ostrodacamp.pl\/index.php\/wp-json\/wp\/v2\/users\/1"}],"replies":[{"embeddable":true,"href":"http:\/\/ostrodacamp.pl\/index.php\/wp-json\/wp\/v2\/comments?post=1650"}],"version-history":[{"count":4,"href":"http:\/\/ostrodacamp.pl\/index.php\/wp-json\/wp\/v2\/pages\/1650\/revisions"}],"predecessor-version":[{"id":1682,"href":"http:\/\/ostrodacamp.pl\/index.php\/wp-json\/wp\/v2\/pages\/1650\/revisions\/1682"}],"wp:attachment":[{"href":"http:\/\/ostrodacamp.pl\/index.php\/wp-json\/wp\/v2\/media?parent=1650"}],"curies":[{"name":"wp","href":"https:\/\/api.w.org\/{rel}","templated":true}]}}