{"id":2190,"date":"2025-06-13T12:42:22","date_gmt":"2025-06-13T12:42:22","guid":{"rendered":"http:\/\/ostrodacamp.pl\/?page_id=2190"},"modified":"2025-06-13T12:52:11","modified_gmt":"2025-06-13T12:52:11","slug":"co-u-nas-slychac","status":"publish","type":"page","link":"https:\/\/ostrodacamp.pl\/index.php\/co-u-nas-slychac\/","title":{"rendered":"Co u nas s\u0142ycha\u0107?"},"content":{"rendered":"\t\t<div data-elementor-type=\"wp-page\" data-elementor-id=\"2190\" class=\"elementor elementor-2190\">\n\t\t\t\t\t\t<section class=\"elementor-section elementor-top-section elementor-element elementor-element-7d5e8571 elementor-section-boxed elementor-section-height-default elementor-section-height-default\" data-id=\"7d5e8571\" data-element_type=\"section\" data-e-type=\"section\">\n\t\t\t\t\t\t<div class=\"elementor-container elementor-column-gap-default\">\n\t\t\t\t\t<div class=\"elementor-column elementor-col-100 elementor-top-column elementor-element elementor-element-5386f9e5\" data-id=\"5386f9e5\" data-element_type=\"column\" data-e-type=\"column\">\n\t\t\t<div class=\"elementor-widget-wrap elementor-element-populated\">\n\t\t\t\t\t\t<div class=\"elementor-element elementor-element-1d12c1f7 elementor-widget elementor-widget-text-editor\" data-id=\"1d12c1f7\" data-element_type=\"widget\" data-e-type=\"widget\" data-widget_type=\"text-editor.default\">\n\t\t\t\t<div class=\"elementor-widget-container\">\n\t\t\t\t\t\t\t\t\t<p>W tamtym roku (2024) zbudowali\u015bmy drewnian\u0105 stodo\u0142\u0119, kt\u00f3ra jest wspania\u0142ym miejscem do wykonywania r\u00f3\u017cnego rodzaju craft\u00f3w, a tak\u017ce innych aktywno\u015bci grupowych, kiedy pogoda nie jest sprzyjaj\u0105ca. To nie wszystko! Zrobili\u015bmy tak\u017ce tor do gokart\u00f3w i tyrolk\u0119! A tym roku dzi\u0119ki Bo\u017cej \u0142asce i pomocy wolontariuszy z USA zrobili\u015bmy pi\u0119kne kamieniste \u015bcie\u017cki pomi\u0119dzy domkami! To oczywi\u015bcie cz\u0119\u015b\u0107 nowo\u015bci, rozwijamy si\u0119 ca\u0142y czas, by Wasz odpoczynek u nas by\u0142 pi\u0119knym i ciekawym czasem, chcem<img fetchpriority=\"high\" decoding=\"async\" class=\"alignleft wp-image-2195 size-medium\" src=\"http:\/\/ostrodacamp.pl\/wp-content\/uploads\/2025\/06\/501055219_2545829579099022_2591555098667401138_n-225x300.jpg\" alt=\"\" width=\"225\" height=\"300\" srcset=\"https:\/\/ostrodacamp.pl\/wp-content\/uploads\/2025\/06\/501055219_2545829579099022_2591555098667401138_n-225x300.jpg 225w, https:\/\/ostrodacamp.pl\/wp-content\/uploads\/2025\/06\/501055219_2545829579099022_2591555098667401138_n-768x1024.jpg 768w, https:\/\/ostrodacamp.pl\/wp-content\/uploads\/2025\/06\/501055219_2545829579099022_2591555098667401138_n-1152x1536.jpg 1152w, https:\/\/ostrodacamp.pl\/wp-content\/uploads\/2025\/06\/501055219_2545829579099022_2591555098667401138_n-400x533.jpg 400w, https:\/\/ostrodacamp.pl\/wp-content\/uploads\/2025\/06\/501055219_2545829579099022_2591555098667401138_n.jpg 1536w\" sizes=\"(max-width: 225px) 100vw, 225px\" \/>y, \u017ceby\u015bcie t\u0119sknili do naszego miejsca i wracali tu za rok! Do zobaczenia! \ud83d\ude42<\/p>\t\t\t\t\t\t\t\t<\/div>\n\t\t\t\t<\/div>\n\t\t\t\t\t<\/div>\n\t\t<\/div>\n\t\t\t\t\t<\/div>\n\t\t<\/section>\n\t\t\t\t<\/div>\n\t\t","protected":false},"excerpt":{"rendered":"<p>W tamtym roku (2024) zbudowali\u015bmy drewnian\u0105 stodo\u0142\u0119, kt\u00f3ra jest wspania\u0142ym miejscem do wykonywania r\u00f3\u017cnego rodzaju craft\u00f3w, a tak\u017ce innych aktywno\u015bci grupowych, kiedy pogoda nie jest sprzyjaj\u0105ca. To nie wszystko! Zrobili\u015bmy tak\u017ce tor do gokart\u00f3w i tyrolk\u0119! A tym roku dzi\u0119ki Bo\u017cej \u0142asce i pomocy wolontariuszy z USA zrobili\u015bmy pi\u0119kne kamieniste \u015bcie\u017cki pomi\u0119dzy domkami! To oczywi\u015bcie &hellip; <\/p>\n<p class=\"link-more\"><a href=\"https:\/\/ostrodacamp.pl\/index.php\/co-u-nas-slychac\/\" class=\"more-link\">Read More <span class=\"screen-reader-text\"> &#8222;Co u nas s\u0142ycha\u0107?&#8221;<\/span><\/a><\/p>\n","protected":false},"author":2,"featured_media":0,"parent":0,"menu_order":0,"comment_status":"closed","ping_status":"closed","template":"","meta":{"inline_featured_image":false,"footnotes":""},"class_list":["post-2190","page","type-page","status-publish","hentry"],"_links":{"self":[{"href":"https:\/\/ostrodacamp.pl\/index.php\/wp-json\/wp\/v2\/pages\/2190","targetHints":{"allow":["GET"]}}],"collection":[{"href":"https:\/\/ostrodacamp.pl\/index.php\/wp-json\/wp\/v2\/pages"}],"about":[{"href":"https:\/\/ostrodacamp.pl\/index.php\/wp-json\/wp\/v2\/types\/page"}],"author":[{"embeddable":true,"href":"https:\/\/ostrodacamp.pl\/index.php\/wp-json\/wp\/v2\/users\/2"}],"replies":[{"embeddable":true,"href":"https:\/\/ostrodacamp.pl\/index.php\/wp-json\/wp\/v2\/comments?post=2190"}],"version-history":[{"count":11,"href":"https:\/\/ostrodacamp.pl\/index.php\/wp-json\/wp\/v2\/pages\/2190\/revisions"}],"predecessor-version":[{"id":2205,"href":"https:\/\/ostrodacamp.pl\/index.php\/wp-json\/wp\/v2\/pages\/2190\/revisions\/2205"}],"wp:attachment":[{"href":"https:\/\/ostrodacamp.pl\/index.php\/wp-json\/wp\/v2\/media?parent=2190"}],"curies":[{"name":"wp","href":"https:\/\/api.w.org\/{rel}","templated":true}]}}