{"id":2267,"date":"2025-07-15T08:49:57","date_gmt":"2025-07-15T08:49:57","guid":{"rendered":"http:\/\/ostrodacamp.pl\/?page_id=2267"},"modified":"2025-07-15T08:50:15","modified_gmt":"2025-07-15T08:50:15","slug":"standardy-ochrony-maloletnich-2","status":"publish","type":"page","link":"https:\/\/ostrodacamp.pl\/index.php\/standardy-ochrony-maloletnich-2\/","title":{"rendered":"Standardy Ochrony Ma\u0142oletnich"},"content":{"rendered":"\t\t<div data-elementor-type=\"wp-page\" data-elementor-id=\"2267\" class=\"elementor elementor-2267\">\n\t\t\t\t\t\t<section class=\"elementor-section elementor-top-section elementor-element elementor-element-4e71b704 elementor-section-boxed elementor-section-height-default elementor-section-height-default\" data-id=\"4e71b704\" data-element_type=\"section\" data-e-type=\"section\">\n\t\t\t\t\t\t<div class=\"elementor-container elementor-column-gap-default\">\n\t\t\t\t\t<div class=\"elementor-column elementor-col-100 elementor-top-column elementor-element elementor-element-23d9b741\" data-id=\"23d9b741\" data-element_type=\"column\" data-e-type=\"column\">\n\t\t\t<div class=\"elementor-widget-wrap elementor-element-populated\">\n\t\t\t\t\t\t<div class=\"elementor-element elementor-element-5b766f3d elementor-widget elementor-widget-text-editor\" data-id=\"5b766f3d\" data-element_type=\"widget\" data-e-type=\"widget\" data-widget_type=\"text-editor.default\">\n\t\t\t\t<div class=\"elementor-widget-container\">\n\t\t\t\t\t\t\t\t\t<b>Standardy Ochrony Dzieci\nw O\u015brodku Katechetyczno-Misyjnym \u201eOstr\u00f3da Camp\u201d.<\/b>\n\n<b>Naczeln\u0105 zasad\u0105 wszystkich dzia\u0142a\u0144 podejmowanych przez osoby opiekuj\u0105ce si\u0119 dzie\u0107mi w O\u015brodku Katechetyczno-Misyjnym \u201eOstr\u00f3da Camp\u201d jest dzia\u0142anie dla dobra dziecka i w jego najlepszym interesie oraz modelowanie postawy Chrystusa (Ew. Mk. 10:13-16). Ka\u017cda osoba zaanga\u017cowana w s\u0142u\u017cb\u0119 dla dzieci traktuje dziecko z szacunkiem oraz uwzgl\u0119dnia jego potrzeby. Niedopuszczalne jest stosowanie przez kogokolwiek wobec dziecka przemocy w jakiejkolwiek formie.<span class=\"Apple-converted-space\">\u00a0<\/span><\/b>\n\n<b>Osoby zaanga\u017cowane w s\u0142u\u017cb\u0119 dzieciom oraz wszyscy pracownicy i liderzy ko\u015bcio\u0142a, realizuj\u0105c te cele, dzia\u0142aj\u0105 w\u00a0ramach obowi\u0105zuj\u0105cego prawa, przepis\u00f3w wewn\u0119trznych naszego O\u015brodka oraz swoich kompetencji. Niniejsze Standardy nie naruszaj\u0105 autorytetu rodzic\u00f3w danego im przez Boga a maj\u0105 wzmacnia\u0107 wsp\u00f3\u0142prac\u0119 z rodzicami i ich poczucie bezpiecze\u0144stwa, kiedy powierzaj\u0105 O\u015brodkowi swoje dzieci na czas zaj\u0119\u0107.<\/b>\n<ol>\n \t<li>Wst\u0119p, definicja poj\u0119\u0107.\n\nNa potrzeby niniejszego dokumentu stosuje si\u0119 nast\u0119puj\u0105ce okre\u015blenia:\n<ol>\n \t<li>SODz \u2013 niniejszy dokument opisuj\u0105cy Standardy Ochrony Dzieci w O\u015brodku Katechetyczno -Misyjnym \u201eOstr\u00f3da Camp\u201d.<\/li>\n \t<li>Dziecko \u2013 ka\u017cda osoba poni\u017cej 18 r. \u017c. bior\u0105ca udzia\u0142 w zorganizowanych formach zaj\u0119\u0107 prowadzonych przez nasz ko\u015bci\u00f3\u0142.<\/li>\n \t<li>Dyrektor \u2013 Osoba prze\u0142o\u017cona w O\u015brodku Katechetyczno -Misyjnym \u201eOstr\u00f3da Camp\u201d tj. Bartosz Zdanowicz.<\/li>\n \t<li>Koordynator \u2013 lider s\u0142u\u017cby w\u015br\u00f3d dzieci lub inna osoba wyznaczona przez dyrektora do stosowania SODz w O\u015brodku.\nKoordynatorem w O\u015brodku Katechetyczno -Misyjnym \u201eOstr\u00f3da Camp\u201d jest Arkadiusz Kotlewski.<\/li>\n \t<li>Pracownik \u2013 ka\u017cda osoba pe\u0142noletnia sprawuj\u0105ca w O\u015brodku Katechetyczno &#8211; Misyjnym \u201eOstr\u00f3da Camp\u201d opiek\u0119 nad dzie\u0107mi podczas zorganizowanych przez ko\u015bci\u00f3\u0142 zaj\u0119\u0107. Zar\u00f3wno pracownicy na umowie o\u00a0prac\u0119, duchowni jak i wolontariusze.<\/li>\n \t<li>Rejestr \u2013 Rejestr Przest\u0119pc\u00f3w na Tle Seksualnym.\n<ol>\n \t<li>S\u0105d \u2013 S\u0105d Rejonowy Wydzia\u0142 Rodzinny i Nieletnich, kt\u00f3rym jest dla Ko\u015bcio\u0142a Chrystusowego Spo\u0142eczno\u015bci Chrze\u015bcija\u0144skiej w Dzia\u0142dowie S\u0105d Rejonowy w Olsztynie pod adresem D\u0105browszczak\u00f3w 44, 10-543 Olsztyn (III Wydzia\u0142 Rodzinny i Nieletnich).<\/li>\n<\/ol>\n<\/li>\n \t<li>Przez krzywdzenie dziecka nale\u017cy rozumie\u0107 pope\u0142nienie czynu zabronionego lub czynu karalnego na szkod\u0119 dziecka przez jak\u0105kolwiek osob\u0119, w tym pracownika ko\u015bcio\u0142a lub zagro\u017cenie dobra dziecka, w tym jego zaniedbywanie.<\/li>\n<\/ol>\n<\/li>\n \t<li>Kodeks bezpiecznych relacji personel \u2013 dziecko<\/li>\n<\/ol>\n<ol>\n \t<li><b>Dozwolonymi<\/b> zachowaniami wobec dzieci jest kontakt fizyczny w formie poklepania po ramieniu, g\u0142askania po g\u0142owie, przytulanie g\u00f3rnej cz\u0119\u015bci cia\u0142a, wzi\u0119cie na kolana dziecka z grupy przedszkolnej i kl. 1-3 SP, zareagowanie zdecydowanym, spokojnym tonem g\u0142osu na zachowania niebezpieczne dziecka lub naruszaj\u0105ce zasady pracy grupy.<\/li>\n \t<li>Ka\u017cde dzia\u0142anie dozwolone powinno by\u0107 od razu przerwane i zaniechane na przysz\u0142o\u015b\u0107, wobec dziecka, kt\u00f3re werbalnie i\/lub niewerbalnie sygnalizuje, \u017ce nie akceptuje takiego zachowania (np. wybranej formy przywitania czy pog\u0142askania).<\/li>\n \t<li><b>Niedozwolone<\/b> zachowania wobec dzieci to krzyk, epitety, sarkazm, uwagi dotycz\u0105ce dziecka lub jego rodzic\u00f3w, kt\u00f3re dziecko odbiera jako obra\u017aliwe oraz wszelkie formy przemocy fizycznej (u\u017cycie si\u0142y) jak uderzenie, ci\u0105gni\u0119cie na si\u0142\u0119 za r\u0119k\u0119 lub inne cz\u0119\u015bci cia\u0142a.<\/li>\n \t<li><b>Wyj\u0105tkiem<\/b> od zakazu u\u017cycia przemocy jest zdarzenie, kiedy to dziecko samo robi sobie krzywd\u0119. W\u00a0takim przypadku pracownik, aby uniemo\u017cliwi\u0107 samodestrukcyjne dzia\u0142ania dziecka, przytrzymuje dziecko tak, aby plecy dziecka styka\u0142y si\u0119 z jego klatk\u0105 piersiow\u0105 a swoimi r\u0119koma blokuje r\u0119ce dziecka. Pracownik pozostaje w takiej pozycji z dzieckiem a\u017c do jego uspokojenia, ca\u0142y czas m\u00f3wi\u0105c do dziecka \u0142agodnie i\u00a0uspokajaj\u0105c je.<\/li>\n \t<li>Wszystkie dzieci, bez wzgl\u0119du na status spo\u0142eczny, pochodzenie etniczne i\u00a0narodowo\u015bciowe, niepe\u0142nosprawno\u015bci lub specjalne potrzeby edukacyjne, s\u0105 traktowane w ko\u015bciele z takim samym szacunkiem i trosk\u0105 oraz podlegaj\u0105 takim samym standardom ochrony.<\/li>\n \t<li>W przypadku <b>sytuacji granicznych<\/b>, jak np. korzystanie z toalety, opiekun asystuje dziecku a jego pomoc ogranicza si\u0119 tylko do czynno\u015bci, o kt\u00f3re prosi dziecko lub je\u015bli dziecko ma trudno\u015bci np. z ubraniem si\u0119. Pracownik m\u00f3wi g\u0142o\u015bno do dziecka, jak zamierza mu pom\u00f3c i czeka na akceptacj\u0119 dziecka. Pracownik nie wykonuje \u017cadnych czynno\u015bci, o kt\u00f3rych wcze\u015bniej nie poinformowa\u0142 dziecka i nie uzyska\u0142 jego zgody.<\/li>\n \t<li>Je\u015bli dziecko swoim zachowaniem <b>narusza regu\u0142y<\/b> ustalone podczas prowadzenia zaj\u0119\u0107, pracownik informuje dziecko o przekroczeniu regu\u0142 i konsekwencjach z tego wynikaj\u0105cych {\u2026<i>opisa\u0107 zasady obowi\u0105zuj\u0105ce w ko\u015bciele<\/i>..}. W przypadku nie stosowania si\u0119 dziecka do tych regu\u0142 pracownik odprowadza dziecko do rodzica.<\/li>\n \t<li>Kontakty bezpo\u015brednie mi\u0119dzy dzieckiem a pracownikiem poza zaj\u0119ciami zorganizowanymi przez ko\u015bci\u00f3\u0142 dozwolone s\u0105 tylko w obecno\u015bci i za zgod\u0105 rodzic\u00f3w dziecka.<span class=\"Apple-converted-space\">\u00a0<\/span><\/li>\n \t<li>Ka\u017cda wiadomo\u015b\u0107 online bez wzgl\u0119du na medium (np. sms, mail, media spo\u0142eczno\u015bciowe), powinna by\u0107 kierowana przez pracownika do dziecka tylko po uzyskaniu uprzedniej zgody rodzic\u00f3w na tak\u0105 wymian\u0119 wiadomo\u015bci online.<\/li>\n \t<li>W przypadku korzystania z transportu prywatnego, kierowca samochodu\/busa musi mie\u0107 przy sobie pisemne zezwolenie rodzic\u00f3w lub opiekun\u00f3w dziecka na przew\u00f3z dziecka. Zezwolenie musi wskazywa\u0107 dat\u0119, punkt pocz\u0105tkowy, punkt ko\u0144cowy i cel podr\u00f3\u017cy. Osoba odpowiedzialna za organizacj\u0119 wycieczki (przewozu) mo\u017ce mie\u0107 te\u017c list\u0119 zbiorcz\u0105 zar\u00f3wno kierowc\u00f3w jak i pozwole\u0144 od rodzic\u00f3w.<\/li>\n \t<li>W przypadku <b>noclegu<\/b> ca\u0142kowicie zabronione jest nocowanie pracownika i jednego dziecka w tym samym pokoju, nawet za zgod\u0105 rodzica lub opiekuna. Dopuszcza si\u0119 nocowanie pracownika z grup\u0105 dzieci we wsp\u00f3lnej sali w przypadku dzieci w wieku poni\u017cej 8 lat.<\/li>\n \t<li>Je\u015bli na prowadzone zaj\u0119cia zapraszana jest osoba doros\u0142a w roli go\u015bcia (misjonarz, rodzic jednego z dzieci, inna osoba nie b\u0119d\u0105ca pracownikiem, to osoba taka nie mo\u017ce sama przebywa\u0107 na zaj\u0119ciach z dzie\u0107mi. Podczas zaj\u0119\u0107 z udzia\u0142em go\u015bcia ca\u0142y czas obecny jest pracownik odpowiedzialny za grup\u0119.<\/li>\n \t<li>Ka\u017cda osoba, kt\u00f3ra <b>zauwa\u017cy<\/b> zachowanie w\u0105tpliwe lub niedozwolone w relacjach pracownik &#8211; dziecko powinna od razu skontaktowa\u0107 si\u0119 z koordynatorem. Je\u015bli to mo\u017cliwe nale\u017cy od razu wyja\u015bni\u0107 sytuacj\u0119 z\u00a0dzieckiem w obecno\u015bci jego rodzica, osoby zg\u0142aszaj\u0105cej i koordynatora.<\/li>\n<\/ol>\nJe\u015bli wyja\u015bnienie sytuacji od razu nie jest mo\u017cliwe, koordynator wyja\u015bnia sytuacj\u0119 w\u00a0ci\u0105gu najbli\u017cszych <i>14 dni<\/i>.\n\nOsoba zg\u0142aszaj\u0105ca wraz z koordynatorem sporz\u0105dzaj\u0105 od razu <b>notatk\u0119<\/b> o\u00a0niepokoj\u0105cym zachowaniu oraz o przebiegu rozmowy z\u00a0dzieckiem i rodzicem. Notatka do\u0142\u0105czana jest do dokumentacji SODz. Notatka musi zawiera\u0107: dat\u0119, imi\u0119 i\u00a0nazwisko dziecka, imiona i\u00a0nazwiska os\u00f3b doros\u0142ych bior\u0105cych udzia\u0142 w niepokoj\u0105cym zachowaniu, opis zachowania, opis podj\u0119tych dzia\u0142a\u0144 i efekt\u00f3w tych dzia\u0142a\u0144.\n\nKoordynator przeprowadza rozmow\u0119 wyja\u015bniaj\u0105c\u0105 z pracownikiem, kt\u00f3rego dotyczy\u0142o zg\u0142oszenie i sporz\u0105dza notatk\u0119 do dokumentacji SODz.\n\nJe\u015bli zg\u0142oszenie dotyczy koordynatora procedura przeprowadzana jest przez pastora.\n<ol start=\"3\">\n \t<li>Zasady weryfikacji personelu:<\/li>\n<\/ol>\n<ol>\n \t<li>Dyrektor sprawdza kandydata<span class=\"Apple-converted-space\">\u00a0 <\/span>w rejestrze.<\/li>\n \t<li>Kandydat przedstawia za\u015bwiadczenie o niekaralno\u015bci, o obywatelstwie oraz o\u015bwiadczenie o\u00a0pa\u0144stwach zamieszkania przez ostatnie 20 lat do roku zatrudnienia.<\/li>\n \t<li>Dyrektor mo\u017ce wyszuka\u0107 w Internecie otwarte i dost\u0119pne informacje o kandydacie oraz jego profile spo\u0142eczno\u015bciowe i zweryfikowa\u0107 informacje podawane przez kandydata z tymi publikowanymi w sieci internetowej.<\/li>\n \t<li>W ramach weryfikacji stosowania standard\u00f3w SODz, Dyrektor<span class=\"Apple-converted-space\">\u00a0 <\/span>powinien ponownie sprawdzi\u0107 rejestr w odniesieniu do wszystkich pracownik\u00f3w co 2 lata.<\/li>\n \t<li>Osoba niepe\u0142noletnia mo\u017ce pomaga\u0107 w prowadzeniu zaj\u0119\u0107 z dzie\u0107mi jako wsparcie doros\u0142ego pracownika. Nie mo\u017ce sama prowadzi\u0107 zaj\u0119\u0107, ani samodzielnie sprawowa\u0107 opieki nad dzie\u0107mi. Przed rozpocz\u0119ciem wsp\u00f3\u0142pracy osoba niepe\u0142noletnia musi uczestniczy\u0107 w szkoleniu dot. standard\u00f3w.<\/li>\n<\/ol>\n<ol start=\"4\">\n \t<li>Kodeks bezpiecznych relacji dziecko \u2013 dziecko<\/li>\n<\/ol>\n<ol>\n \t<li>Zachowaniami <b>akceptowalnymi<\/b> w relacjach dziecko \u2013 dziecko s\u0105 wszystkie zachowania, kt\u00f3re pracownik opiekuj\u0105cy si\u0119 grup\u0105 uznaje za bezpieczne oraz s\u0105 one akceptowane przez wszystkie dzieci w grupie. Je\u015bli jedno z dzieci w grupie zasygnalizuje werbalnie lub niewerbalnie dyskomfort lub sprzeciw wobec zachowania lub s\u0142\u00f3w innego dziecka, to zachowania takie uznajemy za niedozwolone w trakcie spotka\u0144 tej grupy dzieci.<\/li>\n \t<li>Zachowaniami <b>niedozwolonymi<\/b> s\u0105 wszelkie formy przemocy fizycznej i s\u0142ownej, wywieranie presji na jedno dziecko przez drugie, zach\u0119canie do \u0142amania zasad grupy, obra\u017canie lub z\u0142o\u015bliwe komentarze jednego dziecka na temat drugiego.<\/li>\n \t<li>W przypadku wyst\u0105pienia zachowa\u0144 niedozwolonych pracownik przerywa prowadzenie zaj\u0119\u0107, komunikuje naruszenie zasad grupy, rozmawia z dzieckiem oraz zach\u0119ca je do zmiany postawy. W\u00a0przypadku braku poprawy w zachowaniu dziecka jest ono odprowadzane do rodzica.<\/li>\n<\/ol>\n<ol start=\"5\">\n \t<li>Procedura interwencji oraz osoby odpowiedzialne.<\/li>\n<\/ol>\nZbieranie dowod\u00f3w \u015bwiadcz\u0105cych o tym, \u017ce w okre\u015blonej sytuacji dosz\u0142o do krzywdzenia dziecka nie le\u017cy w zakresie odpowiedzialno\u015bci ko\u015bcio\u0142a. Jest to zadanie powo\u0142anych do tego organ\u00f3w (policja, prokuratura), kt\u00f3re maj\u0105 obowi\u0105zek zbadania danej sprawy na skutek otrzymanego zawiadomienia.<span class=\"Apple-converted-space\">\u00a0<\/span>\n\nDzia\u0142ania interwencyjne nale\u017cy podj\u0105\u0107 ju\u017c w przypadku podejrzenia. Spraw\u0119 wyja\u015bniaj\u0105 odpowiednie s\u0142u\u017cby i organy. Dzi\u0119ki interwencji osoby krzywdz\u0105ce dziecko zostan\u0105 powstrzymane i nie dojdzie do eskalacji przemocy.<span class=\"Apple-converted-space\">\u00a0<\/span>\n<ol>\n \t<li>Konieczno\u015b\u0107 zg\u0142oszenia danego przypadku za po\u015brednictwem wewn\u0119trznej procedury zachodzi, gdy:<\/li>\n<\/ol>\n<ul>\n \t<li>Pracownik podejrzewa, \u017ce dziecko jest krzywdzone.<\/li>\n \t<li>Dziecko ujawni\u0142o, \u017ce do\u015bwiadcza krzywdzenia.<\/li>\n \t<li>Zg\u0142oszono podejrzenie krzywdzenia lub wykorzystywania dziecka przez kogo\u015b z pracownik\u00f3w.<\/li>\n \t<li>Zg\u0142oszono podejrzenie krzywdzenia dziecka przez inne dziecko.<\/li>\n<\/ul>\n<ol start=\"2\">\n \t<li>W przypadku wyst\u0105pienia niew\u0142a\u015bciwego traktowania dziecka w naszym ko\u015bciele przez pracownik\u00f3w lub inne doros\u0142e osoby:\n<ol>\n \t<li>Je\u015bli mamy podejrzenie o u\u017cyciu si\u0142y fizycznej, przemocy z uszczerbkiem na zdrowiu lub przemocy seksualnej i zagro\u017cone jest \u017cycie lub zdrowie dziecka:<\/li>\n<\/ol>\n<\/li>\n<\/ol>\n<ul>\n \t<li>Zapewniamy dziecku bezpiecze\u0144stwo przez wyznaczenie opiekuna i\u00a0spokojnego miejsca.<\/li>\n \t<li>Powiadamiamy Dyrektora oraz rodzic\u00f3w dziecka, nawet, je\u015bli podejrzenie dotyczy sytuacji rodzinnej.<\/li>\n \t<li>Zapewniamy bezpiecze\u0144stwo innym dzieciom przez wyznaczenie innej osoby opiekuj\u0105cej si\u0119 grup\u0105 dzieci.<\/li>\n \t<li>Dyrektor sporz\u0105dza notatk\u0119 i zawiadamia odpowiednie s\u0142u\u017cby przez numery alarmowe 997 lub 112.<\/li>\n<\/ul>\n<ol start=\"2\">\n \t<li style=\"list-style-type: none;\">\n<ol start=\"2\">\n \t<li>Je\u015bli dzia\u0142anie jest jednorazowe (poni\u017canie s\u0142owne, epitety, krzyk itp.) :<\/li>\n<\/ol>\n<\/li>\n<\/ol>\n<ul>\n \t<li>Dyrektor odbywa rozmow\u0119 dyscyplinuj\u0105c\u0105 z pracownikiem. Sporz\u0105dza notatk\u0119 i do\u0142\u0105cza j\u0105 do dokumentacji SODz.<\/li>\n \t<li>Je\u015bli incydent powt\u00f3rzy si\u0119 drugi raz \u2013 Dyrektor, samodzielnie lub na wniosek lidera s\u0142u\u017cby w\u015br\u00f3d dzieci, rozwi\u0105zuje wsp\u00f3\u0142prac\u0119 z\u00a0pracownikiem i\u00a0powiadamia rodzic\u00f3w o tym fakcie (nie podaje przyczyn do wiadomo\u015bci publicznej).<\/li>\n<\/ul>\n<ol start=\"3\">\n \t<li>W przypadku dowiedzenia si\u0119 o przemocy domowej :\n<ol>\n \t<li>Dyrektor przeprowadza interwencj\u0119 wewn\u0119trzn\u0105 w formie rozmowy zach\u0119caj\u0105cej, wspieraj\u0105cej rodzica. Celem tej rozmowy jest wyja\u015bnienie sytuacji i\u00a0wskazanie rodzicowi prawid\u0142owych, nie przemocowych sposob\u00f3w na poradzenie sobie z problemem w\u00a0relacji z dzieckiem. Z rozmowy sporz\u0105dzana jest notatka do\u0142\u0105czana do dokumentacji SODz.<\/li>\n \t<li>W przypadku powtarzaj\u0105cych si\u0119 incydent\u00f3w i nieskuteczno\u015bci interwencji wewn\u0119trznej Dyrektor informuje odpowiednie s\u0142u\u017cby (policj\u0119\/o\u015brodek pomocy spo\u0142ecznej\/s\u0105d) w formie pisemnej. W pi\u015bmie zawiera pro\u015bb\u0119 o w\u0142\u0105czenie do s\u0105dowej grupy roboczej, aby ko\u015bci\u00f3\u0142 mia\u0142 udzia\u0142 w\u00a0rozpoznaniu problemu i udzielaniu wsparcia rodzinie lub dziecku.<\/li>\n<\/ol>\n<\/li>\n \t<li>W przypadku dowiedzenia si\u0119 o przemocy r\u00f3wie\u015bniczej.\nPrzemoc r\u00f3wie\u015bnicza dotyczy os\u00f3b poni\u017cej 17 roku \u017cycia.\n<ol>\n \t<li>Dyrektor przeprowadza interwencj\u0119 wewn\u0119trzn\u0105 w formie rozmowy wyja\u015bniaj\u0105cej z dzie\u0107mi. Celem tej rozmowy jest wyja\u015bnienie sytuacji i\u00a0wskazanie dziecku, kt\u00f3re skrzywdzi\u0142o inne dziecko, prawid\u0142owych, nie przemocowych sposob\u00f3w na rozwi\u0105zanie problemu. Z rozmowy sporz\u0105dzana jest notatka do\u0142\u0105czana do dokumentacji SODz.<\/li>\n \t<li>W przypadku powtarzaj\u0105cych si\u0119 incydent\u00f3w, w kt\u00f3rych sprawc\u0105 krzywdy jest to samo dziecko, Dyrektor zawiadamia rodzic\u00f3w i prosi o\u00a0wsp\u00f3\u0142prac\u0119 w rozwi\u0105zaniu problemu. W przypadku dziecka, kt\u00f3re uko\u0144czy\u0142o 10\u00a0r.\u017c. informuje rodzic\u00f3w o mo\u017cliwo\u015bci zawiadomienia s\u0105du.<\/li>\n<\/ol>\n<\/li>\n \t<li>Osob\u0105 odpowiedzialn\u0105 za przyjmowanie zg\u0142osze\u0144 o podejrzeniu krzywdzenia dziecka jest Dyrektor O\u015brodka.\nOsob\u0105 odpowiedzialn\u0105 za udzielenie wsparcia dziecku do czasu wezwania rodzica jest pracownik prowadz\u0105cy zaj\u0119cia z dzie\u0107mi.\nNa czas udzielania wsparcia opiek\u0119 nad pozosta\u0142ymi dzie\u0107mi w grupie przejmuje koordynator lub inny pracownik dost\u0119pny w ko\u015bciele.<\/li>\n \t<li>Osob\u0105 odpowiedzialn\u0105 za sk\u0142adanie powiadomie\u0144 na policj\u0119\/s\u0142u\u017cb\u0119 zdrowia\/do o\u015brodka pomocy spo\u0142ecznej\/do s\u0105du jest Dyrektor.<\/li>\n<\/ol>\n<ol start=\"6\">\n \t<li>Dokumentowanie incydent\u00f3w i zg\u0142osze\u0144<\/li>\n<\/ol>\nDokumenty dotycz\u0105ce wszelkich spraw zwi\u0105zanych z SODz s\u0105 przechowywane w biurze ko\u015bcio\u0142a w spos\u00f3b daj\u0105cy dost\u0119p do nich tylko osobom uprawnionym: Dyrektorowi, radzie o\u015brodka, koordynatorowi.<span class=\"Apple-converted-space\">\u00a0<\/span>\n\nDokumentacja zawiera :\n<ul>\n \t<li>Za\u015bwiadczenia i o\u015bwiadczenia sk\u0142adane przez kandydat\u00f3w.<\/li>\n \t<li>Notatki z incydent\u00f3w, rozm\u00f3w z dzie\u0107mi, rozm\u00f3w z rodzicami i innymi doros\u0142ymi, rozm\u00f3w z pracownikami.<\/li>\n \t<li>Kopie pism i zawiadomie\u0144 kierowanych do odpowiednich s\u0142u\u017cb i organ\u00f3w pa\u0144stwowych.<\/li>\n \t<li>Daty i kr\u00f3tki opis szkole\u0144 przeprowadzanych dla pracownik\u00f3w.<\/li>\n \t<li>Daty i opis ewaluacji standard\u00f3w oraz zmian wprowadzanych na podstawie ewaluacji.<\/li>\n<\/ul>\n<ol start=\"7\">\n \t<li>Zasady bezpiecznego dost\u0119pu do Internetu<\/li>\n<\/ol>\n<ol>\n \t<li>Podczas przebywania dzieci na terenie O\u015brodka mog\u0105 one posiada\u0107 w\u0142asne urz\u0105dzenia elektroniczne (np. smartfon, zegarek, tablet). Zasad\u0105 podstawow\u0105 w\u00a0naszym ko\u015bciele jest, \u017ce podczas zaj\u0119\u0107 budujemy relacje, uczymy si\u0119 wsp\u00f3\u0142pracy w\u00a0grupie i szacunku do ka\u017cdej osoby, dlatego nie ma potrzeby u\u017cywania tych urz\u0105dze\u0144. Je\u015bli w toku zaj\u0119\u0107 zaplanowano aktywno\u015b\u0107 wymagaj\u0105c\u0105 u\u017cycia np. smartfonu przez dzieci, to o u\u017cyciu tych urz\u0105dze\u0144 decyduje pracownik prowadz\u0105cy zaj\u0119cia i dotyczy to tylko tej zaplanowanej aktywno\u015bci.<\/li>\n \t<li>Udost\u0119pniona w O\u015brodku sie\u0107 WiFi jest otwarta. O tre\u015bciach, do kt\u00f3rych ma dost\u0119p dziecko decyduje rodzic lub opiekun. Jednak, ka\u017cda osoba przebywaj\u0105ca w ko\u015bciele, je\u015bli zauwa\u017cy, \u017ce dziecko ma na smartfonie lub tablecie tre\u015bci szkodliwe lub zagra\u017caj\u0105ce mu, powinna jak najszybciej powiadomi\u0107 rodzica dziecka, a je\u015bli go nie zna, to pracownika lub koordynatora, kt\u00f3ry zawiadomi rodzica.<span class=\"Apple-converted-space\">\u00a0<\/span><\/li>\n \t<li>Wszystkie dzieci uczestnicz\u0105ce w \u017cyciu ko\u015bcio\u0142a s\u0105 zach\u0119cane, zar\u00f3wno przez rodzic\u00f3w jak i pracownik\u00f3w, do nawi\u0105zywania osobistych relacji z r\u00f3wie\u015bnikami, wsp\u00f3lnych gier i zabaw, kt\u00f3re buduj\u0105 pozytywne relacje wzajemne.<\/li>\n<\/ol>\n<ol start=\"8\">\n \t<li>Ochrona wizerunku i danych osobowych dzieci.<\/li>\n<\/ol>\n<ol>\n \t<li>Utrwalanie wizerunku dziecka (filmowanie, fotografowanie, nagrywanie g\u0142osu dziecka) podczas zaj\u0119\u0107 prowadzonych przez O\u015brodek jest dopuszczone na takich samych zasadach jak dla wszystkich innych aktywno\u015bci w ko\u015bciele, co reguluj\u0105 procedury RODO ko\u015bcio\u0142a.<\/li>\n<\/ol>\n<ol start=\"9\">\n \t<li>Sytuacja dzieci ze specjalnymi potrzebami.<\/li>\n<\/ol>\n<ol>\n \t<li>Rodzic lub opiekun zg\u0142aszaj\u0105cy dziecko na zaj\u0119cia w O\u015brodku zaznacza na formularzu zgody, je\u015bli jego dziecko wymaga specjalnych potrzeb.<\/li>\n \t<li>Z osob\u0105 zg\u0142aszaj\u0105c\u0105 specjalne potrzeby dziecka kontaktuje si\u0119 koordynator lub osoba odpowiedzialna za zaj\u0119cia (np. nocowanie lub p\u00f3\u0142kolonie) i szczeg\u00f3\u0142owo omawia potrzeby dziecka, a nast\u0119pnie przekazuje wytyczne pracownikom. Ca\u0142a procedura nie jest omawiana publicznie, ani \u017cadne uwagi ani komentarze do potrzeb dziecka nie mog\u0105 by\u0107 kierowane publicznie do dziecka ani do os\u00f3b trzecich.<\/li>\n<\/ol>\n<ol start=\"10\">\n \t<li>Ewaluacja standard\u00f3w<\/li>\n<\/ol>\nCo 2 lata nast\u0119puje ewaluacja niniejszych standard\u00f3w i dostosowanie ich do bie\u017c\u0105cych potrzeb ma\u0142oletnich i ko\u015bcio\u0142a oraz uwzgl\u0119dnienie nowych sytuacji spo\u0142ecznych pojawiaj\u0105cych si\u0119 w ko\u015bciele.<span class=\"Apple-converted-space\">\u00a0<\/span>\n\nDodatkowo ewaluacja standard\u00f3w ma miejsce za ka\u017cdym razem, gdy planowana jest nowa aktywno\u015b\u0107 ko\u015bcio\u0142a dotycz\u0105ca s\u0142u\u017cby w\u015br\u00f3d dzieci.\n\nSpotkania ewaluacyjne inicjuje Dyrektor. W spotkaniach uczestnicz\u0105 pracownicy s\u0142u\u017cby w\u015br\u00f3d dzieci.\n\nW ramach weryfikacji stosowania standard\u00f3w, Dyrektor lub osoba odpowiedzialna powinna ponownie sprawdzi\u0107 rejestr przest\u0119pc\u00f3w na tle seksualnym w odniesieniu do wszystkich aktualnie zatrudnionych pracownik\u00f3w.\n<ol start=\"11\">\n \t<li>Edukacja personelu, osoba odpowiedzialna za proces oraz dokumentowanie procesu edukacyjnego.<\/li>\n<\/ol>\n<ol>\n \t<li>Dla wszystkich obecnych i nowo przyjmowanych pracownik\u00f3w i niepe\u0142noletnich pomocnik\u00f3w prowadzone jest szkolenie ze standard\u00f3w przyj\u0119tych przez ko\u015bci\u00f3\u0142. Szkolenie odbywa si\u0119 w\u00a0terminie 30 dni po wprowadzeniu standard\u00f3w lub w terminie 7 dni po zatrudnieniu nowego pracownika lub pomocnika.<\/li>\n \t<li>Dodatkowe szkolenia, w kt\u00f3rych uczestnicz\u0105 wszyscy pracownicy:\n<ul>\n \t<li>Szkolenie z rozpoznawania przemocy.<\/li>\n \t<li>Szkolenie z zasad interwencji.\nWebinar FDDS: <a href=\"https:\/\/youtu.be\/J1jGYj6QqX8?si=-1-mRjL4yQOP3dWd\">https:\/\/youtu.be\/J1jGYj6QqX8?si=-1-mRjL4yQOP3dWd<\/a> uzupe\u0142niony o informacj\u0119 o odno\u015bne procedury ko\u015bcielnego SODz.<\/li>\n<\/ul>\n<\/li>\n<\/ol>\n<ol start=\"3\">\n \t<li>Za proces edukacji personelu i dokumentowanie go odpowiedzialny jest Dyrektor.<\/li>\n<\/ol>\n<ol start=\"12\">\n \t<li>Informowanie rodzic\u00f3w i dzieci o standardach<\/li>\n<\/ol>\n<ol>\n \t<li>Pe\u0142na tre\u015b\u0107 niniejszych standard\u00f3w dost\u0119pna jest dla ka\u017cdego w formie pliku PDF na stronie internetowej ko\u015bcio\u0142a oraz przekazywana jest na mail do ka\u017cdego rodzica lub opiekuna, kt\u00f3ry zg\u0142asza dziecko na zaj\u0119cia prowadzone przez ko\u015bci\u00f3\u0142.<\/li>\n \t<li>Skr\u00f3cona wersja standard\u00f3w, dostosowana do etapu rozwojowego dzieci, umieszczona jest w ka\u017cdej salce, gdzie prowadzone s\u0105 zaj\u0119cia z dzie\u0107mi. Wersja ta jest omawiana z dzie\u0107mi co roku, na pierwszych zaj\u0119ciach w sezonie lub przed rozpocz\u0119ciem innych zaj\u0119\u0107 dla dzieci typu nocowanie lub p\u00f3\u0142kolonie.<\/li>\n<\/ol>\t\t\t\t\t\t\t\t<\/div>\n\t\t\t\t<\/div>\n\t\t\t\t\t<\/div>\n\t\t<\/div>\n\t\t\t\t\t<\/div>\n\t\t<\/section>\n\t\t\t\t<\/div>\n\t\t","protected":false},"excerpt":{"rendered":"<p>Standardy Ochrony Dzieci w O\u015brodku Katechetyczno-Misyjnym \u201eOstr\u00f3da Camp\u201d. Naczeln\u0105 zasad\u0105 wszystkich dzia\u0142a\u0144 podejmowanych przez osoby opiekuj\u0105ce si\u0119 dzie\u0107mi w O\u015brodku Katechetyczno-Misyjnym \u201eOstr\u00f3da Camp\u201d jest dzia\u0142anie dla dobra dziecka i w jego najlepszym interesie oraz modelowanie postawy Chrystusa (Ew. Mk. 10:13-16). Ka\u017cda osoba zaanga\u017cowana w s\u0142u\u017cb\u0119 dla dzieci traktuje dziecko z szacunkiem oraz uwzgl\u0119dnia jego potrzeby. &hellip; <\/p>\n<p class=\"link-more\"><a href=\"https:\/\/ostrodacamp.pl\/index.php\/standardy-ochrony-maloletnich-2\/\" class=\"more-link\">Read More <span class=\"screen-reader-text\"> &#8222;Standardy Ochrony Ma\u0142oletnich&#8221;<\/span><\/a><\/p>\n","protected":false},"author":2,"featured_media":0,"parent":0,"menu_order":0,"comment_status":"closed","ping_status":"closed","template":"","meta":{"inline_featured_image":false,"footnotes":""},"class_list":["post-2267","page","type-page","status-publish","hentry"],"_links":{"self":[{"href":"https:\/\/ostrodacamp.pl\/index.php\/wp-json\/wp\/v2\/pages\/2267","targetHints":{"allow":["GET"]}}],"collection":[{"href":"https:\/\/ostrodacamp.pl\/index.php\/wp-json\/wp\/v2\/pages"}],"about":[{"href":"https:\/\/ostrodacamp.pl\/index.php\/wp-json\/wp\/v2\/types\/page"}],"author":[{"embeddable":true,"href":"https:\/\/ostrodacamp.pl\/index.php\/wp-json\/wp\/v2\/users\/2"}],"replies":[{"embeddable":true,"href":"https:\/\/ostrodacamp.pl\/index.php\/wp-json\/wp\/v2\/comments?post=2267"}],"version-history":[{"count":3,"href":"https:\/\/ostrodacamp.pl\/index.php\/wp-json\/wp\/v2\/pages\/2267\/revisions"}],"predecessor-version":[{"id":2270,"href":"https:\/\/ostrodacamp.pl\/index.php\/wp-json\/wp\/v2\/pages\/2267\/revisions\/2270"}],"wp:attachment":[{"href":"https:\/\/ostrodacamp.pl\/index.php\/wp-json\/wp\/v2\/media?parent=2267"}],"curies":[{"name":"wp","href":"https:\/\/api.w.org\/{rel}","templated":true}]}}