{"id":66,"date":"2018-12-20T06:49:03","date_gmt":"2018-12-20T06:49:03","guid":{"rendered":"http:\/\/source.wpopal.com\/maisonco\/?page_id=66"},"modified":"2025-06-16T08:57:34","modified_gmt":"2025-06-16T08:57:34","slug":"our-services","status":"publish","type":"page","link":"https:\/\/ostrodacamp.pl\/index.php\/our-services\/","title":{"rendered":"Wsparcie"},"content":{"rendered":"\t\t<div data-elementor-type=\"wp-page\" data-elementor-id=\"66\" class=\"elementor elementor-66\">\n\t\t\t\t\t\t<div class=\"elementor-section elementor-top-section elementor-element elementor-element-c362483 elementor-section-stretched elementor-section-boxed elementor-section-height-default elementor-section-height-default\" data-id=\"c362483\" data-element_type=\"section\" data-e-type=\"section\" data-settings=\"{&quot;stretch_section&quot;:&quot;section-stretched&quot;,&quot;background_background&quot;:&quot;classic&quot;}\">\n\t\t\t\t\t\t<div class=\"elementor-container elementor-column-gap-no\">\n\t\t\t\t\t<div class=\"elementor-column elementor-col-100 elementor-top-column elementor-element elementor-element-e7b4a14\" data-id=\"e7b4a14\" data-element_type=\"column\" data-e-type=\"column\" data-settings=\"{&quot;background_background&quot;:&quot;classic&quot;}\">\n\t\t\t<div class=\"elementor-widget-wrap elementor-element-populated\">\n\t\t\t\t\t\t<div class=\"elementor-element elementor-element-77ad8e2 elementor-arrows-position-inside elementor-pagination-position-outside elementor-widget elementor-widget-image-carousel\" data-id=\"77ad8e2\" data-element_type=\"widget\" data-e-type=\"widget\" data-settings=\"{&quot;autoplay_speed&quot;:2000,&quot;navigation&quot;:&quot;both&quot;,&quot;autoplay&quot;:&quot;yes&quot;,&quot;pause_on_hover&quot;:&quot;yes&quot;,&quot;pause_on_interaction&quot;:&quot;yes&quot;,&quot;infinite&quot;:&quot;yes&quot;,&quot;speed&quot;:500}\" data-widget_type=\"image-carousel.default\">\n\t\t\t\t<div class=\"elementor-widget-container\">\n\t\t\t\t\t\t\t<div class=\"elementor-image-carousel-wrapper swiper\" role=\"region\" aria-roledescription=\"carousel\" aria-label=\"Image Carousel\" dir=\"ltr\">\n\t\t\t<div class=\"elementor-image-carousel swiper-wrapper\" aria-live=\"off\">\n\t\t\t\t\t\t\t\t<div class=\"swiper-slide\" role=\"group\" aria-roledescription=\"slide\" aria-label=\"1 of 5\"><figure class=\"swiper-slide-inner\"><img decoding=\"async\" class=\"swiper-slide-image\" src=\"https:\/\/ostrodacamp.pl\/wp-content\/uploads\/2020\/10\/011_2019_04_02_05_Ostroda_Living-1024x554.jpg\" alt=\"011_2019_04_02_05_Ostr\u00f3da_Living\" \/><\/figure><\/div><div class=\"swiper-slide\" role=\"group\" aria-roledescription=\"slide\" aria-label=\"2 of 5\"><figure class=\"swiper-slide-inner\"><img decoding=\"async\" class=\"swiper-slide-image\" src=\"https:\/\/ostrodacamp.pl\/wp-content\/uploads\/2020\/10\/011_2019_04_02_05b_Ostroda_Living-1024x554.jpg\" alt=\"011_2019_04_02_05b_Ostr\u00f3da_Living\" \/><\/figure><\/div><div class=\"swiper-slide\" role=\"group\" aria-roledescription=\"slide\" aria-label=\"3 of 5\"><figure class=\"swiper-slide-inner\"><img decoding=\"async\" class=\"swiper-slide-image\" src=\"https:\/\/ostrodacamp.pl\/wp-content\/uploads\/2020\/10\/82468489_2641141009303049_6759340374197534720_n-1024x549.jpg\" alt=\"82468489_2641141009303049_6759340374197534720_n\" \/><\/figure><\/div><div class=\"swiper-slide\" role=\"group\" aria-roledescription=\"slide\" aria-label=\"4 of 5\"><figure class=\"swiper-slide-inner\"><img decoding=\"async\" class=\"swiper-slide-image\" src=\"https:\/\/ostrodacamp.pl\/wp-content\/uploads\/2020\/10\/84170466_222423358788813_7609396663584555008_n-1024x580.jpg\" alt=\"84170466_222423358788813_7609396663584555008_n\" \/><\/figure><\/div><div class=\"swiper-slide\" role=\"group\" aria-roledescription=\"slide\" aria-label=\"5 of 5\"><figure class=\"swiper-slide-inner\"><img decoding=\"async\" class=\"swiper-slide-image\" src=\"https:\/\/ostrodacamp.pl\/wp-content\/uploads\/2020\/10\/vis-011_2020_04_15_01_Bartek_Zdanowicz_domki_ogrod-1024x538.jpg\" alt=\"vis 011_2020_04_15_01_Bartek_Zdanowicz_domki_ogr\u00f3d\" \/><\/figure><\/div>\t\t\t<\/div>\n\t\t\t\t\t\t\t\t\t\t\t\t<div class=\"elementor-swiper-button elementor-swiper-button-prev\" role=\"button\" tabindex=\"0\">\n\t\t\t\t\t\t<i aria-hidden=\"true\" class=\"eicon-chevron-left\"><\/i>\t\t\t\t\t<\/div>\n\t\t\t\t\t<div class=\"elementor-swiper-button elementor-swiper-button-next\" role=\"button\" tabindex=\"0\">\n\t\t\t\t\t\t<i aria-hidden=\"true\" class=\"eicon-chevron-right\"><\/i>\t\t\t\t\t<\/div>\n\t\t\t\t\n\t\t\t\t\t\t\t\t\t<div class=\"swiper-pagination\"><\/div>\n\t\t\t\t\t\t\t\t\t<\/div>\n\t\t\t\t\t\t<\/div>\n\t\t\t\t<\/div>\n\t\t\t\t<div class=\"elementor-element elementor-element-2f75199 elementor-widget elementor-widget-heading\" data-id=\"2f75199\" data-element_type=\"widget\" data-e-type=\"widget\" data-widget_type=\"heading.default\">\n\t\t\t\t<div class=\"elementor-widget-container\">\n\t\t\t\t\t<i aria-hidden=\"true\" class=\"icon_before opal-icon-decor\"><\/i><h2 class=\"elementor-heading-title elementor-size-default\">jak mo\u017cesz pom\u00f3c ?!<\/h2>\t\t\t\t<\/div>\n\t\t\t\t<\/div>\n\t\t\t\t<div class=\"elementor-section elementor-inner-section elementor-element elementor-element-d9fb33e elementor-section-boxed elementor-section-height-default elementor-section-height-default\" data-id=\"d9fb33e\" data-element_type=\"section\" data-e-type=\"section\" data-settings=\"{&quot;background_background&quot;:&quot;classic&quot;}\">\n\t\t\t\t\t\t<div class=\"elementor-container elementor-column-gap-no\">\n\t\t\t\t\t<div class=\"elementor-column elementor-col-33 elementor-inner-column elementor-element elementor-element-aacd3ca\" data-id=\"aacd3ca\" data-element_type=\"column\" data-e-type=\"column\">\n\t\t\t<div class=\"elementor-widget-wrap elementor-element-populated\">\n\t\t\t\t\t\t<div class=\"elementor-element elementor-element-e0bb4d3 featured-box-wrapper-transform-move-up elementor-widget elementor-widget-featured-box\" data-id=\"e0bb4d3\" data-element_type=\"widget\" data-e-type=\"widget\" data-widget_type=\"featured-box.default\">\n\t\t\t\t<div class=\"elementor-widget-container\">\n\t\t\t\t\t<div class=\"elementor-featured-box-wrapper\"><div class=\"elementor-featured-box-top\"><div class=\"elementor-featured-box-icon\"><i class=\"fa fa-child\" aria-hidden=\"true\" ><\/i><\/div><h3 class=\"elementor-featured-box-title\">zaangarzowanie osobiste<\/h3><\/div><div class=\"elementor-featured-box-bottom\"><p class=\"elementor-featured-box-description\">Bezustannie potrzeba nam r\u0105k do pracy. Wolontariuszy do pomocy przy projektach zar\u00f3wno latem, jak i w sezonie jesienno-zimowym. <\/p><\/div><\/div>\t\t\t\t<\/div>\n\t\t\t\t<\/div>\n\t\t\t\t\t<\/div>\n\t\t<\/div>\n\t\t\t\t<div class=\"elementor-column elementor-col-33 elementor-inner-column elementor-element elementor-element-bd742ff\" data-id=\"bd742ff\" data-element_type=\"column\" data-e-type=\"column\">\n\t\t\t<div class=\"elementor-widget-wrap elementor-element-populated\">\n\t\t\t\t\t\t<div class=\"elementor-element elementor-element-a487f06 featured-box-wrapper-transform-move-up elementor-widget elementor-widget-featured-box\" data-id=\"a487f06\" data-element_type=\"widget\" data-e-type=\"widget\" data-widget_type=\"featured-box.default\">\n\t\t\t\t<div class=\"elementor-widget-container\">\n\t\t\t\t\t<div class=\"elementor-featured-box-wrapper\"><div class=\"elementor-featured-box-top\"><div class=\"elementor-featured-box-icon\"><i class=\"fa fa-money\" aria-hidden=\"true\" ><\/i><\/div><h3 class=\"elementor-featured-box-title\">pomoc materialna<\/h3><\/div><div class=\"elementor-featured-box-bottom\"><p class=\"elementor-featured-box-description\">wsparcie finansowe jest niezwykle wa\u017cne. To dzi\u0119ki Wam mo\u017cemy realizowa\u0107 projekty, a tak\u017ce rozwija\u0107 nasz o\u015brodek.<\/p><\/div><\/div>\t\t\t\t<\/div>\n\t\t\t\t<\/div>\n\t\t\t\t\t<\/div>\n\t\t<\/div>\n\t\t\t\t<div class=\"elementor-column elementor-col-33 elementor-inner-column elementor-element elementor-element-3a23b3a\" data-id=\"3a23b3a\" data-element_type=\"column\" data-e-type=\"column\">\n\t\t\t<div class=\"elementor-widget-wrap elementor-element-populated\">\n\t\t\t\t\t\t<div class=\"elementor-element elementor-element-6d14bf4 featured-box-wrapper-transform-move-up elementor-widget elementor-widget-featured-box\" data-id=\"6d14bf4\" data-element_type=\"widget\" data-e-type=\"widget\" data-widget_type=\"featured-box.default\">\n\t\t\t\t<div class=\"elementor-widget-container\">\n\t\t\t\t\t<div class=\"elementor-featured-box-wrapper\"><div class=\"elementor-featured-box-top\"><div class=\"elementor-featured-box-icon\"><i class=\"fa fa-wifi\" aria-hidden=\"true\" ><\/i><\/div><h3 class=\"elementor-featured-box-title\">wsparcie modlitewne<\/h3><\/div><div class=\"elementor-featured-box-bottom\"><p class=\"elementor-featured-box-description\">Potrzeba ogromnej, Bo\u017cej m\u0105dro\u015bci w podejmowaniu decyzji dotycz\u0105cych przysz\u0142o\u015bci. Ponad wszystko chcemy realizowa\u0107 Bo\u017cy plan dla tego miejscam, dlatego te\u017c prosimy o modlitwy. <\/p><\/div><\/div>\t\t\t\t<\/div>\n\t\t\t\t<\/div>\n\t\t\t\t\t<\/div>\n\t\t<\/div>\n\t\t\t\t\t<\/div>\n\t\t<\/div>\n\t\t\t\t<div class=\"elementor-element elementor-element-bf11b8b featured-box-wrapper-transform-move-up elementor-widget elementor-widget-featured-box\" data-id=\"bf11b8b\" data-element_type=\"widget\" data-e-type=\"widget\" data-widget_type=\"featured-box.default\">\n\t\t\t\t<div class=\"elementor-widget-container\">\n\t\t\t\t\t<div class=\"elementor-featured-box-wrapper\"><div class=\"elementor-featured-box-top\"><div class=\"elementor-featured-box-icon\"><i class=\"opal-icon-badge\" aria-hidden=\"true\" ><\/i><\/div><h3 class=\"elementor-featured-box-title\">Niesamowitym jest mie\u0107 wok\u00f3\u0142 siebie ludzi, kt\u00f3rzy wierz\u0105, \u017ce to co robimy ma sens! <\/h3><\/div><div class=\"elementor-featured-box-bottom\"><p class=\"elementor-featured-box-description\">To dzi\u0119ki Waszej pomocy, mo\u017cemy b\u0142ogos\u0142awi\u0107\u00a0innych. Mo\u017cemy si\u0119 zmienia\u0107\u00a0na lepsze, rozwija\u0107, poprawia\u0107, ulepsza\u0107 to co ju\u017c\u00a0mamy. To ludzie s\u0105 narz\u0119dziami w Bo\u017cych r\u0119kach, dlatego te\u017c do ludzi wychodzimy i ludzi prosimy o wsparcie. <br>\n<br>\n\nJesli mo\u017cesz i chcesz, zaanga\u017cuj si\u0119 w s\u0142u\u017cb\u0119 na o\u015brodku Ostr\u00f3da CAMP.<\/p><\/div><\/div>\t\t\t\t<\/div>\n\t\t\t\t<\/div>\n\t\t\t\t\t<\/div>\n\t\t<\/div>\n\t\t\t\t\t<\/div>\n\t\t<\/div>\n\t\t\t\t<\/div>\n\t\t","protected":false},"excerpt":{"rendered":"<p>Previous Next jak mo\u017cesz pom\u00f3c ?! zaangarzowanie osobiste Bezustannie potrzeba nam r\u0105k do pracy. Wolontariuszy do pomocy przy projektach zar\u00f3wno latem, jak i w sezonie jesienno-zimowym. pomoc materialna wsparcie finansowe jest niezwykle wa\u017cne. To dzi\u0119ki Wam mo\u017cemy realizowa\u0107 projekty, a tak\u017ce rozwija\u0107 nasz o\u015brodek. wsparcie modlitewne Potrzeba ogromnej, Bo\u017cej m\u0105dro\u015bci w podejmowaniu decyzji dotycz\u0105cych przysz\u0142o\u015bci. &hellip; <\/p>\n<p class=\"link-more\"><a href=\"https:\/\/ostrodacamp.pl\/index.php\/our-services\/\" class=\"more-link\">Read More <span class=\"screen-reader-text\"> &#8222;Wsparcie&#8221;<\/span><\/a><\/p>\n","protected":false},"author":1,"featured_media":0,"parent":0,"menu_order":0,"comment_status":"closed","ping_status":"closed","template":"page-elementor.php","meta":{"inline_featured_image":false,"footnotes":""},"class_list":["post-66","page","type-page","status-publish","hentry"],"_links":{"self":[{"href":"https:\/\/ostrodacamp.pl\/index.php\/wp-json\/wp\/v2\/pages\/66","targetHints":{"allow":["GET"]}}],"collection":[{"href":"https:\/\/ostrodacamp.pl\/index.php\/wp-json\/wp\/v2\/pages"}],"about":[{"href":"https:\/\/ostrodacamp.pl\/index.php\/wp-json\/wp\/v2\/types\/page"}],"author":[{"embeddable":true,"href":"https:\/\/ostrodacamp.pl\/index.php\/wp-json\/wp\/v2\/users\/1"}],"replies":[{"embeddable":true,"href":"https:\/\/ostrodacamp.pl\/index.php\/wp-json\/wp\/v2\/comments?post=66"}],"version-history":[{"count":11,"href":"https:\/\/ostrodacamp.pl\/index.php\/wp-json\/wp\/v2\/pages\/66\/revisions"}],"predecessor-version":[{"id":2226,"href":"https:\/\/ostrodacamp.pl\/index.php\/wp-json\/wp\/v2\/pages\/66\/revisions\/2226"}],"wp:attachment":[{"href":"https:\/\/ostrodacamp.pl\/index.php\/wp-json\/wp\/v2\/media?parent=66"}],"curies":[{"name":"wp","href":"https:\/\/api.w.org\/{rel}","templated":true}]}}